{"id":9,"date":"2015-03-27T13:52:23","date_gmt":"2015-03-27T12:52:23","guid":{"rendered":"http:\/\/inlegnosumisura.it\/?page_id=9"},"modified":"2015-04-02T09:25:57","modified_gmt":"2015-04-02T07:25:57","slug":"tecnologia","status":"publish","type":"page","link":"https:\/\/www.inlegnosumisura.it\/?page_id=9","title":{"rendered":"Tecnologia"},"content":{"rendered":"<p>La struttura a disposizione e l\u2019ausilio di macchine automatizzate garantiscono una costante produttivit\u00e0 in grado di soddisfare le necessit\u00e0 pi\u00f9 diverse: dai piccoli volumi fino a alla produzione su larga scala, realizza su misura o su campione ogni genere di elemento rispondendo in modo puntuale e preciso ad ogni tipologia di richiesta.<\/p>\n<p>L\u2019ottima qualit\u00e0 del prodotto \u00e8 assicurata dalla scelta dei migliori materiali e dall\u2019utilizzo di tecniche moderne e tradizionali combinate insieme in ogni fase della lavorazione: prototipazione, tornitura, levigatura e finitura del pezzo.<\/p>\n<p>Devi sostituire il manico del badile o si \u00e8 rotto il piede di un mobile? Ti serve una\u00a0scaletta\u00a0per il\u00a0pollaio\u00a0o un\u00a0posatoio\u00a0in legno per la voliera? Qui troverai la soluzione migliore per le tue esigenze<\/p>\n","protected":false},"excerpt":{"rendered":"<p>La struttura a disposizione e l\u2019ausilio di macchine automatizzate garantiscono una costante produttivit\u00e0 in grado di soddisfare le necessit\u00e0 pi\u00f9 diverse: dai piccoli volumi fino a alla produzione su larga scala, realizza su misura o su campione ogni genere di elemento rispondendo in modo puntuale e preciso ad ogni tipologia di richiesta. L\u2019ottima qualit\u00e0 del&#8230; <\/p>\n","protected":false},"author":2,"featured_media":0,"parent":0,"menu_order":0,"comment_status":"closed","ping_status":"closed","template":"template-full-width.php","meta":{"footnotes":""},"class_list":["post-9","page","type-page","status-publish","hentry"],"yoast_head":"<!-- This site is optimized with the Yoast SEO plugin v27.4 - https:\/\/yoast.com\/product\/yoast-seo-wordpress\/ -->\n<title>Tecnologia - InLegnoSuMisura<\/title>\n<meta name=\"robots\" content=\"index, follow, max-snippet:-1, max-image-preview:large, max-video-preview:-1\" \/>\n<link rel=\"canonical\" href=\"https:\/\/www.inlegnosumisura.it\/?page_id=9\" \/>\n<meta property=\"og:locale\" content=\"it_IT\" \/>\n<meta property=\"og:type\" content=\"article\" \/>\n<meta property=\"og:title\" content=\"Tecnologia - InLegnoSuMisura\" \/>\n<meta property=\"og:description\" content=\"La struttura a disposizione e l\u2019ausilio di macchine automatizzate garantiscono una costante produttivit\u00e0 in grado di soddisfare le necessit\u00e0 pi\u00f9 diverse: dai piccoli volumi fino a alla produzione su larga scala, realizza su misura o su campione ogni genere di elemento rispondendo in modo puntuale e preciso ad ogni tipologia di richiesta. L\u2019ottima qualit\u00e0 del...\" \/>\n<meta property=\"og:url\" content=\"https:\/\/www.inlegnosumisura.it\/?page_id=9\" \/>\n<meta property=\"og:site_name\" content=\"InLegnoSuMisura\" \/>\n<meta property=\"article:modified_time\" content=\"2015-04-02T07:25:57+00:00\" \/>\n<meta name=\"twitter:label1\" content=\"Tempo di lettura stimato\" \/>\n\t<meta name=\"twitter:data1\" content=\"1 minuto\" \/>\n<script type=\"application\/ld+json\" class=\"yoast-schema-graph\">{\"@context\":\"https:\\\/\\\/schema.org\",\"@graph\":[{\"@type\":\"WebPage\",\"@id\":\"https:\\\/\\\/www.inlegnosumisura.it\\\/?page_id=9\",\"url\":\"https:\\\/\\\/www.inlegnosumisura.it\\\/?page_id=9\",\"name\":\"Tecnologia - InLegnoSuMisura\",\"isPartOf\":{\"@id\":\"https:\\\/\\\/www.inlegnosumisura.it\\\/#website\"},\"datePublished\":\"2015-03-27T12:52:23+00:00\",\"dateModified\":\"2015-04-02T07:25:57+00:00\",\"breadcrumb\":{\"@id\":\"https:\\\/\\\/www.inlegnosumisura.it\\\/?page_id=9#breadcrumb\"},\"inLanguage\":\"it-IT\",\"potentialAction\":[{\"@type\":\"ReadAction\",\"target\":[\"https:\\\/\\\/www.inlegnosumisura.it\\\/?page_id=9\"]}]},{\"@type\":\"BreadcrumbList\",\"@id\":\"https:\\\/\\\/www.inlegnosumisura.it\\\/?page_id=9#breadcrumb\",\"itemListElement\":[{\"@type\":\"ListItem\",\"position\":1,\"name\":\"Home\",\"item\":\"https:\\\/\\\/www.inlegnosumisura.it\\\/\"},{\"@type\":\"ListItem\",\"position\":2,\"name\":\"Tecnologia\"}]},{\"@type\":\"WebSite\",\"@id\":\"https:\\\/\\\/www.inlegnosumisura.it\\\/#website\",\"url\":\"https:\\\/\\\/www.inlegnosumisura.it\\\/\",\"name\":\"InLegnoSuMisura\",\"description\":\"Torneria legno Mauro Zin\",\"potentialAction\":[{\"@type\":\"SearchAction\",\"target\":{\"@type\":\"EntryPoint\",\"urlTemplate\":\"https:\\\/\\\/www.inlegnosumisura.it\\\/?s={search_term_string}\"},\"query-input\":{\"@type\":\"PropertyValueSpecification\",\"valueRequired\":true,\"valueName\":\"search_term_string\"}}],\"inLanguage\":\"it-IT\"}]}<\/script>\n<!-- \/ Yoast SEO plugin. -->","yoast_head_json":{"title":"Tecnologia - InLegnoSuMisura","robots":{"index":"index","follow":"follow","max-snippet":"max-snippet:-1","max-image-preview":"max-image-preview:large","max-video-preview":"max-video-preview:-1"},"canonical":"https:\/\/www.inlegnosumisura.it\/?page_id=9","og_locale":"it_IT","og_type":"article","og_title":"Tecnologia - InLegnoSuMisura","og_description":"La struttura a disposizione e l\u2019ausilio di macchine automatizzate garantiscono una costante produttivit\u00e0 in grado di soddisfare le necessit\u00e0 pi\u00f9 diverse: dai piccoli volumi fino a alla produzione su larga scala, realizza su misura o su campione ogni genere di elemento rispondendo in modo puntuale e preciso ad ogni tipologia di richiesta. L\u2019ottima qualit\u00e0 del...","og_url":"https:\/\/www.inlegnosumisura.it\/?page_id=9","og_site_name":"InLegnoSuMisura","article_modified_time":"2015-04-02T07:25:57+00:00","twitter_misc":{"Tempo di lettura stimato":"1 minuto"},"schema":{"@context":"https:\/\/schema.org","@graph":[{"@type":"WebPage","@id":"https:\/\/www.inlegnosumisura.it\/?page_id=9","url":"https:\/\/www.inlegnosumisura.it\/?page_id=9","name":"Tecnologia - InLegnoSuMisura","isPartOf":{"@id":"https:\/\/www.inlegnosumisura.it\/#website"},"datePublished":"2015-03-27T12:52:23+00:00","dateModified":"2015-04-02T07:25:57+00:00","breadcrumb":{"@id":"https:\/\/www.inlegnosumisura.it\/?page_id=9#breadcrumb"},"inLanguage":"it-IT","potentialAction":[{"@type":"ReadAction","target":["https:\/\/www.inlegnosumisura.it\/?page_id=9"]}]},{"@type":"BreadcrumbList","@id":"https:\/\/www.inlegnosumisura.it\/?page_id=9#breadcrumb","itemListElement":[{"@type":"ListItem","position":1,"name":"Home","item":"https:\/\/www.inlegnosumisura.it\/"},{"@type":"ListItem","position":2,"name":"Tecnologia"}]},{"@type":"WebSite","@id":"https:\/\/www.inlegnosumisura.it\/#website","url":"https:\/\/www.inlegnosumisura.it\/","name":"InLegnoSuMisura","description":"Torneria legno Mauro Zin","potentialAction":[{"@type":"SearchAction","target":{"@type":"EntryPoint","urlTemplate":"https:\/\/www.inlegnosumisura.it\/?s={search_term_string}"},"query-input":{"@type":"PropertyValueSpecification","valueRequired":true,"valueName":"search_term_string"}}],"inLanguage":"it-IT"}]}},"_links":{"self":[{"href":"https:\/\/www.inlegnosumisura.it\/index.php?rest_route=\/wp\/v2\/pages\/9","targetHints":{"allow":["GET"]}}],"collection":[{"href":"https:\/\/www.inlegnosumisura.it\/index.php?rest_route=\/wp\/v2\/pages"}],"about":[{"href":"https:\/\/www.inlegnosumisura.it\/index.php?rest_route=\/wp\/v2\/types\/page"}],"author":[{"embeddable":true,"href":"https:\/\/www.inlegnosumisura.it\/index.php?rest_route=\/wp\/v2\/users\/2"}],"replies":[{"embeddable":true,"href":"https:\/\/www.inlegnosumisura.it\/index.php?rest_route=%2Fwp%2Fv2%2Fcomments&post=9"}],"version-history":[{"count":3,"href":"https:\/\/www.inlegnosumisura.it\/index.php?rest_route=\/wp\/v2\/pages\/9\/revisions"}],"predecessor-version":[{"id":69,"href":"https:\/\/www.inlegnosumisura.it\/index.php?rest_route=\/wp\/v2\/pages\/9\/revisions\/69"}],"wp:attachment":[{"href":"https:\/\/www.inlegnosumisura.it\/index.php?rest_route=%2Fwp%2Fv2%2Fmedia&parent=9"}],"curies":[{"name":"wp","href":"https:\/\/api.w.org\/{rel}","templated":true}]}}